{"id":2188,"date":"2026-02-26T14:03:45","date_gmt":"2026-02-26T14:03:45","guid":{"rendered":"https:\/\/deeppink-deer-686192.hostingersite.com\/?post_type=product&#038;p=2188"},"modified":"2026-05-13T05:26:07","modified_gmt":"2026-05-13T05:26:07","slug":"bota-liberty","status":"publish","type":"product","link":"https:\/\/thesupercowboy.com\/en\/product\/bota-liberty\/","title":{"rendered":"El Malcreado Bota Vaquera Liberty"},"content":{"rendered":"<p>[et_pb_section fb_built=\u00bb1&#8243; _builder_version=\u00bb4.16&#8243; custom_padding=\u00bb0px||||false|false\u00bb global_colors_info=\u00bb{}\u00bb][et_pb_row _builder_version=\u00bb4.16&#8243; background_size=\u00bbinitial\u00bb background_position=\u00bbtop_left\u00bb background_repeat=\u00bbrepeat\u00bb width=\u00bb100%\u00bb custom_padding=\u00bb0px||0px||false|false\u00bb global_colors_info=\u00bb{}\u00bb][et_pb_column type=\u00bb4_4&#8243; _builder_version=\u00bb4.16&#8243; custom_padding=\u00bb|||\u00bb global_colors_info=\u00bb{}\u00bb custom_padding__hover=\u00bb|||\u00bb][et_pb_wc_breadcrumb _builder_version=\u00bb4.16&#8243; global_colors_info=\u00bb{}\u00bb][\/et_pb_wc_breadcrumb][et_pb_wc_cart_notice _builder_version=\u00bb4.16&#8243; global_colors_info=\u00bb{}\u00bb][\/et_pb_wc_cart_notice][\/et_pb_column][\/et_pb_row][et_pb_row column_structure=\u00bb1_2,1_2&#8243; _builder_version=\u00bb4.16&#8243; background_size=\u00bbinitial\u00bb background_position=\u00bbtop_left\u00bb background_repeat=\u00bbrepeat\u00bb width=\u00bb100%\u00bb custom_padding=\u00bb0px||||false|false\u00bb global_colors_info=\u00bb{}\u00bb][et_pb_column type=\u00bb1_2&#8243; _builder_version=\u00bb4.16&#8243; custom_padding=\u00bb|||\u00bb global_colors_info=\u00bb{}\u00bb custom_padding__hover=\u00bb|||\u00bb][et_pb_wc_images _builder_version=\u00bb4.16&#8243; global_colors_info=\u00bb{}\u00bb][\/et_pb_wc_images][\/et_pb_column][et_pb_column type=\u00bb1_2&#8243; _builder_version=\u00bb4.16&#8243; custom_padding=\u00bb|||\u00bb global_colors_info=\u00bb{}\u00bb custom_padding__hover=\u00bb|||\u00bb][et_pb_wc_title _builder_version=\u00bb4.16&#8243; global_colors_info=\u00bb{}\u00bb][\/et_pb_wc_title][et_pb_wc_rating _builder_version=\u00bb4.24.3&#8243; rating_text_color=\u00bb#E09900&#8243; body_text_color=\u00bb#000000&#8243; global_colors_info=\u00bb{}\u00bb][\/et_pb_wc_rating][et_pb_wc_price _builder_version=\u00bb4.16&#8243; global_colors_info=\u00bb{}\u00bb][\/et_pb_wc_price][et_pb_wc_description _builder_version=\u00bb4.16&#8243; global_colors_info=\u00bb{}\u00bb][\/et_pb_wc_description][et_pb_wc_add_to_cart field_label_position=\u00bbinline\u00bb _builder_version=\u00bb4.24.3&#8243; fields_background_color=\u00bb#E09900&#8243; fields_text_color=\u00bb#000000&#8243; fields_focus_background_color=\u00bbRGBA(255,255,255,0)\u00bb dropdown_menus_background_color=\u00bb#E09900&#8243; field_label_font=\u00bbAbhaya Libre|700|on||||||\u00bb field_label_text_color=\u00bb#000000&#8243; custom_button=\u00bbon\u00bb button_text_color=\u00bb#000000&#8243; button_icon_color=\u00bb#000000&#8243; button_on_hover=\u00bboff\u00bb global_colors_info=\u00bb{}\u00bb][\/et_pb_wc_add_to_cart][et_pb_wc_meta _builder_version=\u00bb4.16&#8243; global_colors_info=\u00bb{}\u00bb][\/et_pb_wc_meta][\/et_pb_column][\/et_pb_row][et_pb_row _builder_version=\u00bb4.16&#8243; background_size=\u00bbinitial\u00bb background_position=\u00bbtop_left\u00bb background_repeat=\u00bbrepeat\u00bb width=\u00bb100%\u00bb global_colors_info=\u00bb{}\u00bb][et_pb_column type=\u00bb4_4&#8243; _builder_version=\u00bb4.16&#8243; custom_padding=\u00bb|||\u00bb global_colors_info=\u00bb{}\u00bb custom_padding__hover=\u00bb|||\u00bb][et_pb_wc_tabs inactive_tab_background_color=\u00bb#FFFFFF\u00bb _builder_version=\u00bb4.24.3&#8243; body_font=\u00bbAbhaya Libre||||||||\u00bb tab_font=\u00bbAbhaya Libre||on|on|||||\u00bb global_colors_info=\u00bb{}\u00bb]\t\t\t\t\t[\/et_pb_wc_tabs][et_pb_wc_upsells _builder_version=\u00bb4.16&#8243; global_colors_info=\u00bb{}\u00bb][\/et_pb_wc_upsells][et_pb_wc_related_products _builder_version=\u00bb4.16&#8243; global_colors_info=\u00bb{}\u00bb][\/et_pb_wc_related_products][\/et_pb_column][\/et_pb_row][\/et_pb_section]<\/p>\n","protected":false},"excerpt":{"rendered":"<p>\u00a1Descubre la combinaci\u00f3n perfecta para realzar tu estilo con nuestro combo de bota y cinto para mujer! Este set est\u00e1 dise\u00f1ado pensando en ti, para que te sientas incre\u00edble y c\u00f3moda en cualquier ocasi\u00f3n.<br \/>\nDise\u00f1o Elegante: Ya sea que vayas a una fiesta, una reuni\u00f3n de trabajo o una salida casual, estas botas y cinto te har\u00e1n destacar con un toque de elegancia.<br \/>\nCalidad Superior: Hechos con materiales duraderos y acabados impecables, estos accesorios est\u00e1n dise\u00f1ados para acompa\u00f1arte durante mucho tiempo.<br \/>\nComodidad Todo el D\u00eda: Las botas no solo son lindas, sino tambi\u00e9n s\u00faper c\u00f3modas. Olv\u00eddate del dolor de pies y disfruta de cada paso.<br \/>\nVersatilidad: El cinto es el complemento perfecto para cualquier outfit, permiti\u00e9ndote jugar con tu estilo y darle un toque personal a tu look.<br \/>\nEstilo Coordinado: No pierdas tiempo pensando en c\u00f3mo combinar tus accesorios. Con este set, siempre tendr\u00e1s un look armonioso y chic.<\/p>","protected":false},"featured_media":2206,"comment_status":"open","ping_status":"closed","template":"","meta":{"_et_pb_use_builder":"on","_et_pb_old_content":"","_et_gb_content_width":""},"product_brand":[],"product_cat":[24],"product_tag":[],"class_list":{"0":"post-2188","1":"product","2":"type-product","3":"status-publish","4":"has-post-thumbnail","6":"product_cat-botas-mujer","7":"product_shipping_class-general","9":"first","10":"instock","11":"taxable","12":"shipping-taxable","13":"purchasable","14":"product-type-variable"},"_links":{"self":[{"href":"https:\/\/thesupercowboy.com\/en\/wp-json\/wp\/v2\/product\/2188","targetHints":{"allow":["GET"]}}],"collection":[{"href":"https:\/\/thesupercowboy.com\/en\/wp-json\/wp\/v2\/product"}],"about":[{"href":"https:\/\/thesupercowboy.com\/en\/wp-json\/wp\/v2\/types\/product"}],"replies":[{"embeddable":true,"href":"https:\/\/thesupercowboy.com\/en\/wp-json\/wp\/v2\/comments?post=2188"}],"wp:featuredmedia":[{"embeddable":true,"href":"https:\/\/thesupercowboy.com\/en\/wp-json\/wp\/v2\/media\/2206"}],"wp:attachment":[{"href":"https:\/\/thesupercowboy.com\/en\/wp-json\/wp\/v2\/media?parent=2188"}],"wp:term":[{"taxonomy":"product_brand","embeddable":true,"href":"https:\/\/thesupercowboy.com\/en\/wp-json\/wp\/v2\/product_brand?post=2188"},{"taxonomy":"product_cat","embeddable":true,"href":"https:\/\/thesupercowboy.com\/en\/wp-json\/wp\/v2\/product_cat?post=2188"},{"taxonomy":"product_tag","embeddable":true,"href":"https:\/\/thesupercowboy.com\/en\/wp-json\/wp\/v2\/product_tag?post=2188"}],"curies":[{"name":"wp","href":"https:\/\/api.w.org\/{rel}","templated":true}]}}