{"id":4549,"date":"2026-04-21T21:00:25","date_gmt":"2026-04-21T21:00:25","guid":{"rendered":"https:\/\/deeppink-deer-686192.hostingersite.com\/?post_type=product&#038;p=4549"},"modified":"2026-05-12T18:52:28","modified_gmt":"2026-05-12T18:52:28","slug":"stetson-catera-mink-5x","status":"publish","type":"product","link":"https:\/\/thesupercowboy.com\/en\/product\/stetson-catera-mink-5x\/","title":{"rendered":"Stetson Catera Mink 5X"},"content":{"rendered":"<p>\u00a1El sombrero marr\u00f3n de fieltro de piel Catera 5x para hombre de Stetson es un sombrero \u00fanico para agregar a su colecci\u00f3n! Est\u00e1 hecho de fieltro de piel de calidad y cuenta con un ala de 3 1\/4\u2032\u2032 y una corona de 4 1\/4\u2032\u2032. La diadema de cuero cuenta con conchos de lat\u00f3n que combinan perfectamente con el estilo de este sombrero. \u00a1Este sombrero ser\u00e1 una adici\u00f3n perfecta a cualquier look occidental!<\/p>","protected":false},"excerpt":{"rendered":"<p>\u00a1El sombrero marr\u00f3n de fieltro de piel Catera 5x para hombre de Stetson es un sombrero \u00fanico para agregar a su colecci\u00f3n! Est\u00e1 hecho de fieltro de piel de calidad y cuenta con un ala de 3 1\/4\u2032\u2032 y una corona de 4 1\/4\u2032\u2032. La diadema de cuero cuenta con conchos de lat\u00f3n que combinan [&hellip;]<\/p>\n","protected":false},"featured_media":4550,"comment_status":"open","ping_status":"closed","template":"","meta":{"_et_pb_use_builder":"","_et_pb_old_content":"","_et_gb_content_width":""},"product_brand":[],"product_cat":[19],"product_tag":[],"class_list":{"0":"post-4549","1":"product","2":"type-product","3":"status-publish","4":"has-post-thumbnail","6":"product_cat-sombreros","8":"first","9":"instock","10":"taxable","11":"shipping-taxable","12":"purchasable","13":"product-type-variable"},"_links":{"self":[{"href":"https:\/\/thesupercowboy.com\/en\/wp-json\/wp\/v2\/product\/4549","targetHints":{"allow":["GET"]}}],"collection":[{"href":"https:\/\/thesupercowboy.com\/en\/wp-json\/wp\/v2\/product"}],"about":[{"href":"https:\/\/thesupercowboy.com\/en\/wp-json\/wp\/v2\/types\/product"}],"replies":[{"embeddable":true,"href":"https:\/\/thesupercowboy.com\/en\/wp-json\/wp\/v2\/comments?post=4549"}],"wp:featuredmedia":[{"embeddable":true,"href":"https:\/\/thesupercowboy.com\/en\/wp-json\/wp\/v2\/media\/4550"}],"wp:attachment":[{"href":"https:\/\/thesupercowboy.com\/en\/wp-json\/wp\/v2\/media?parent=4549"}],"wp:term":[{"taxonomy":"product_brand","embeddable":true,"href":"https:\/\/thesupercowboy.com\/en\/wp-json\/wp\/v2\/product_brand?post=4549"},{"taxonomy":"product_cat","embeddable":true,"href":"https:\/\/thesupercowboy.com\/en\/wp-json\/wp\/v2\/product_cat?post=4549"},{"taxonomy":"product_tag","embeddable":true,"href":"https:\/\/thesupercowboy.com\/en\/wp-json\/wp\/v2\/product_tag?post=4549"}],"curies":[{"name":"wp","href":"https:\/\/api.w.org\/{rel}","templated":true}]}}