{"id":5137,"date":"2026-04-25T18:15:29","date_gmt":"2026-04-25T18:15:29","guid":{"rendered":"https:\/\/deeppink-deer-686192.hostingersite.com\/?post_type=product&#038;p=5137"},"modified":"2026-04-25T18:15:29","modified_gmt":"2026-04-25T18:15:29","slug":"cinturon-de-avestruz-grabado-color-negro","status":"publish","type":"product","link":"https:\/\/thesupercowboy.com\/en\/product\/cinturon-de-avestruz-grabado-color-negro\/","title":{"rendered":"CINTUR\u00d3N DE AVESTRUZ GRABADO COLOR NEGRO"},"content":{"rendered":"<p>Realza tu estilo de inspiraci\u00f3n western con nuestro llamativo cintur\u00f3n de vaquero para hombre, elaborado meticulosamente con cuero genuino de avestruz y bovino para lograr una combinaci\u00f3n de encanto resistente y lujo. A continuaci\u00f3n, te explicamos por qu\u00e9 este cintur\u00f3n es el accesorio perfecto para el vaquero moderno:<\/p>\n<ul>\n<li><strong>Construcci\u00f3n de cuero de primera calidad<\/strong> : elaborado con el mejor cuero de avestruz y bovino, este cintur\u00f3n irradia artesan\u00eda de calidad y durabilidad, lo que garantiza que resista la prueba del tiempo y al mismo tiempo agregue un toque de sofisticaci\u00f3n a su atuendo.<\/li>\n<li><strong>Dise\u00f1o de hebilla llamativo<\/strong> : la hebilla de 45 mm est\u00e1 adornada con cuero de avestruz genuino y presenta una aplicaci\u00f3n de cuero bovino, lo que crea un contraste din\u00e1mico que llama la atenci\u00f3n. El monograma Cuadra en el centro agrega un toque de estilo western y reconocimiento de marca.<\/li>\n<li><strong>Forro de cuero bovino de lujo<\/strong> : experimente la m\u00e1xima comodidad y durabilidad con el forro de cuero bovino, que proporciona una sensaci\u00f3n suave y tersa contra su cuerpo y al mismo tiempo garantiza un uso duradero.<\/li>\n<li><strong>Estilo vers\u00e1til<\/strong> : ya sea que est\u00e9 vestido para un d\u00eda en el rancho o una noche en la ciudad, este cintur\u00f3n de vaquero complementa sin esfuerzo cualquier conjunto de inspiraci\u00f3n occidental, agregando un toque de sofisticaci\u00f3n resistente a su apariencia.<\/li>\n<li><strong>Pieza de declaraci\u00f3n<\/strong> : haga una declaraci\u00f3n audaz con su estilo con este accesorio destacado que combina la artesan\u00eda tradicional con elementos de dise\u00f1o contempor\u00e1neo, reflejando su individualidad y sentido de aventura.<\/li>\n<li><strong>Ajuste perfecto<\/strong> : con su dise\u00f1o ajustable, este cintur\u00f3n garantiza un ajuste personalizado para cada vaquero, lo que le permite ajustarlo c\u00f3modamente alrededor de su cintura mientras agrega un toque de encanto occidental a su atuendo.<\/li>\n<\/ul>\n<p>Completa tu look de vaquero con nuestro cintur\u00f3n de vaquero para hombre en piel aut\u00e9ntica de avestruz y bovino. Ya sea que est\u00e9s pastoreando ganado o paseando en un bar, este cintur\u00f3n te har\u00e1 destacar con estilo dondequiera que te lleven tus aventuras.<\/p>","protected":false},"excerpt":{"rendered":"<p>Realza tu estilo de inspiraci\u00f3n western con nuestro llamativo cintur\u00f3n de vaquero para hombre, elaborado meticulosamente con cuero genuino de avestruz y bovino para lograr una combinaci\u00f3n de encanto resistente y lujo. A continuaci\u00f3n, te explicamos por qu\u00e9 este cintur\u00f3n es el accesorio perfecto para el vaquero moderno: Construcci\u00f3n de cuero de primera calidad : [&hellip;]<\/p>\n","protected":false},"featured_media":5135,"comment_status":"open","ping_status":"closed","template":"","meta":{"_et_pb_use_builder":"","_et_pb_old_content":"","_et_gb_content_width":""},"product_brand":[],"product_cat":[47,35],"product_tag":[],"class_list":{"0":"post-5137","1":"product","2":"type-product","3":"status-publish","4":"has-post-thumbnail","6":"product_cat-accessories-hombre","7":"product_cat-cinturones","9":"first","10":"instock","11":"taxable","12":"shipping-taxable","13":"purchasable","14":"product-type-variable"},"_links":{"self":[{"href":"https:\/\/thesupercowboy.com\/en\/wp-json\/wp\/v2\/product\/5137","targetHints":{"allow":["GET"]}}],"collection":[{"href":"https:\/\/thesupercowboy.com\/en\/wp-json\/wp\/v2\/product"}],"about":[{"href":"https:\/\/thesupercowboy.com\/en\/wp-json\/wp\/v2\/types\/product"}],"replies":[{"embeddable":true,"href":"https:\/\/thesupercowboy.com\/en\/wp-json\/wp\/v2\/comments?post=5137"}],"wp:featuredmedia":[{"embeddable":true,"href":"https:\/\/thesupercowboy.com\/en\/wp-json\/wp\/v2\/media\/5135"}],"wp:attachment":[{"href":"https:\/\/thesupercowboy.com\/en\/wp-json\/wp\/v2\/media?parent=5137"}],"wp:term":[{"taxonomy":"product_brand","embeddable":true,"href":"https:\/\/thesupercowboy.com\/en\/wp-json\/wp\/v2\/product_brand?post=5137"},{"taxonomy":"product_cat","embeddable":true,"href":"https:\/\/thesupercowboy.com\/en\/wp-json\/wp\/v2\/product_cat?post=5137"},{"taxonomy":"product_tag","embeddable":true,"href":"https:\/\/thesupercowboy.com\/en\/wp-json\/wp\/v2\/product_tag?post=5137"}],"curies":[{"name":"wp","href":"https:\/\/api.w.org\/{rel}","templated":true}]}}