{"id":5183,"date":"2026-04-25T18:32:45","date_gmt":"2026-04-25T18:32:45","guid":{"rendered":"https:\/\/deeppink-deer-686192.hostingersite.com\/?post_type=product&#038;p=5183"},"modified":"2026-05-07T19:20:06","modified_gmt":"2026-05-07T19:20:06","slug":"cinturon-de-piel-exotica-color-negro","status":"publish","type":"product","link":"https:\/\/thesupercowboy.com\/en\/product\/cinturon-de-piel-exotica-color-negro\/","title":{"rendered":"Cinturon Cuadra De Mantarraya &#8211; Negro"},"content":{"rendered":"<p>Cintur\u00f3n de caballero en piel genuina de mantarraya. Dise\u00f1o minimalista que permite apreciar al m\u00e1ximo la textura de la piel ex\u00f3tica. Es sutil pero llamativo, ya que ofrece el accesorio perfecto para a\u00f1adir un poco de lujo a tu look.<\/p>","protected":false},"excerpt":{"rendered":"<p>Cintur\u00f3n de caballero en piel genuina de mantarraya. Dise\u00f1o minimalista que permite apreciar al m\u00e1ximo la textura de la piel ex\u00f3tica. Es sutil pero llamativo, ya que ofrece el accesorio perfecto para a\u00f1adir un poco de lujo a tu look.<\/p>","protected":false},"featured_media":5186,"comment_status":"open","ping_status":"closed","template":"","meta":{"_et_pb_use_builder":"","_et_pb_old_content":"","_et_gb_content_width":""},"product_brand":[],"product_cat":[47,35],"product_tag":[],"class_list":{"0":"post-5183","1":"product","2":"type-product","3":"status-publish","4":"has-post-thumbnail","6":"product_cat-accessories-hombre","7":"product_cat-cinturones","9":"first","10":"instock","11":"taxable","12":"shipping-taxable","13":"purchasable","14":"product-type-variable"},"_links":{"self":[{"href":"https:\/\/thesupercowboy.com\/en\/wp-json\/wp\/v2\/product\/5183","targetHints":{"allow":["GET"]}}],"collection":[{"href":"https:\/\/thesupercowboy.com\/en\/wp-json\/wp\/v2\/product"}],"about":[{"href":"https:\/\/thesupercowboy.com\/en\/wp-json\/wp\/v2\/types\/product"}],"replies":[{"embeddable":true,"href":"https:\/\/thesupercowboy.com\/en\/wp-json\/wp\/v2\/comments?post=5183"}],"wp:featuredmedia":[{"embeddable":true,"href":"https:\/\/thesupercowboy.com\/en\/wp-json\/wp\/v2\/media\/5186"}],"wp:attachment":[{"href":"https:\/\/thesupercowboy.com\/en\/wp-json\/wp\/v2\/media?parent=5183"}],"wp:term":[{"taxonomy":"product_brand","embeddable":true,"href":"https:\/\/thesupercowboy.com\/en\/wp-json\/wp\/v2\/product_brand?post=5183"},{"taxonomy":"product_cat","embeddable":true,"href":"https:\/\/thesupercowboy.com\/en\/wp-json\/wp\/v2\/product_cat?post=5183"},{"taxonomy":"product_tag","embeddable":true,"href":"https:\/\/thesupercowboy.com\/en\/wp-json\/wp\/v2\/product_tag?post=5183"}],"curies":[{"name":"wp","href":"https:\/\/api.w.org\/{rel}","templated":true}]}}