{"id":5396,"date":"2026-04-25T21:18:04","date_gmt":"2026-04-25T21:18:04","guid":{"rendered":"https:\/\/deeppink-deer-686192.hostingersite.com\/?post_type=product&#038;p=5396"},"modified":"2026-05-13T04:45:07","modified_gmt":"2026-05-13T04:45:07","slug":"botas-de-piel-color-cafe-pintada-a-mano-con-cristales-austriacos","status":"publish","type":"product","link":"https:\/\/thesupercowboy.com\/en\/product\/botas-de-piel-color-cafe-pintada-a-mano-con-cristales-austriacos\/","title":{"rendered":"Cuadra Bota Vaquera Caf\u00e9 Cristal Austriaco"},"content":{"rendered":"<p>Eleva tu colecci\u00f3n de calzado con estas exquisitas botas altas de\u00a0piel color caf\u00e9\u00a0pintadas a mano y con incrustaciones de cristales austriacos. El arn\u00e9s est\u00e1 adornado con cristales, tachuelas met\u00e1licas y grabados con l\u00e1ser, que emanan una elegancia intrincada.<\/p>\n<ul>\n<li>La atenci\u00f3n al detalle es evidente en cada elemento del dise\u00f1o de estas botas.<\/li>\n<li>Los costados deslumbran con aplicaciones met\u00e1licas y brillantes cristales austriacos, agregando glamour a cada paso.<\/li>\n<\/ul>\n<p>Estas botas no solo cuentan con una est\u00e9tica atractiva, sino que tambi\u00e9n priorizan su comodidad y durabilidad. El tubo holgado ofrece un ajuste c\u00f3modo y sin restricciones para facilitar el movimiento. La suela de cuero con inyecci\u00f3n de TPU brinda tracci\u00f3n y durabilidad para cualquier ocasi\u00f3n.<\/p>\n<p>Para garantizar un ajuste perfecto, nuestras botas est\u00e1n disponibles en una variedad de tallas. Si no est\u00e1 seguro del tama\u00f1o, consulte la tabla de tallas adjunta para obtener orientaci\u00f3n y tomar una decisi\u00f3n informada.<\/p>\n<p>Aproveche la oportunidad de hacer una declaraci\u00f3n de estilo con estas extraordinarias botas de\u00a0piel color caf\u00e9\u00a0pintadas a mano y con cristales austriacos. Ya sea en eventos, explorando la ciudad o expresando tu estilo, estas botas son tu compa\u00f1era perfecta. Con una artesan\u00eda exquisita y una elegancia innegable, estas botas causan una impresi\u00f3n duradera.<\/p>\n<p>Entra en un mundo de lujo y sofisticaci\u00f3n atemporal con estas extraordinarias botas altas.<\/p>","protected":false},"excerpt":{"rendered":"<p>Eleva tu colecci\u00f3n de calzado con estas exquisitas botas altas de\u00a0piel color caf\u00e9\u00a0pintadas a mano y con incrustaciones de cristales austriacos. El arn\u00e9s est\u00e1 adornado con cristales, tachuelas met\u00e1licas y grabados con l\u00e1ser, que emanan una elegancia intrincada. La atenci\u00f3n al detalle es evidente en cada elemento del dise\u00f1o de estas botas. Los costados deslumbran [&hellip;]<\/p>\n","protected":false},"featured_media":5368,"comment_status":"open","ping_status":"closed","template":"","meta":{"_et_pb_use_builder":"","_et_pb_old_content":"","_et_gb_content_width":""},"product_brand":[],"product_cat":[24],"product_tag":[],"class_list":{"0":"post-5396","1":"product","2":"type-product","3":"status-publish","4":"has-post-thumbnail","6":"product_cat-botas-mujer","7":"product_shipping_class-general","9":"first","10":"instock","11":"taxable","12":"shipping-taxable","13":"purchasable","14":"product-type-variable"},"_links":{"self":[{"href":"https:\/\/thesupercowboy.com\/en\/wp-json\/wp\/v2\/product\/5396","targetHints":{"allow":["GET"]}}],"collection":[{"href":"https:\/\/thesupercowboy.com\/en\/wp-json\/wp\/v2\/product"}],"about":[{"href":"https:\/\/thesupercowboy.com\/en\/wp-json\/wp\/v2\/types\/product"}],"replies":[{"embeddable":true,"href":"https:\/\/thesupercowboy.com\/en\/wp-json\/wp\/v2\/comments?post=5396"}],"wp:featuredmedia":[{"embeddable":true,"href":"https:\/\/thesupercowboy.com\/en\/wp-json\/wp\/v2\/media\/5368"}],"wp:attachment":[{"href":"https:\/\/thesupercowboy.com\/en\/wp-json\/wp\/v2\/media?parent=5396"}],"wp:term":[{"taxonomy":"product_brand","embeddable":true,"href":"https:\/\/thesupercowboy.com\/en\/wp-json\/wp\/v2\/product_brand?post=5396"},{"taxonomy":"product_cat","embeddable":true,"href":"https:\/\/thesupercowboy.com\/en\/wp-json\/wp\/v2\/product_cat?post=5396"},{"taxonomy":"product_tag","embeddable":true,"href":"https:\/\/thesupercowboy.com\/en\/wp-json\/wp\/v2\/product_tag?post=5396"}],"curies":[{"name":"wp","href":"https:\/\/api.w.org\/{rel}","templated":true}]}}